{"id":557,"date":"2021-08-13T18:41:28","date_gmt":"2021-08-13T16:41:28","guid":{"rendered":"https:\/\/heibo.noblogs.org\/?page_id=557"},"modified":"2025-02-01T15:18:55","modified_gmt":"2025-02-01T14:18:55","slug":"heibo-2","status":"publish","type":"page","link":"https:\/\/barriohanni.noblogs.org\/","title":{"rendered":"Thats now our forest"},"content":{"rendered":"<h1 class=\"wp-block-post-title\">Thats now our forest<\/h1>\n\n\n<h2 class=\"wp-block-heading\">Ticker<\/h2>\n\n\n\n<p><strong><a href=\"http:\/\/barriohanni.infoticker.org\">barriohanni.infoticker.org<\/a><\/strong><br>is forwarded to:<br><a href=\"http:\/\/t.me\/s\/barriohanni_ticker\">Telegram<\/a>, <a href=\"https:\/\/signal.group\/#CjQKIEw5k-w1D651Z9Q_FeudxIuN2S4N0Jw5yy00JJp_EFtMEhD6MyiX7R1g8-0M53k_r86C\">Signal<\/a>, <a href=\"https:\/\/climatejustice.social\/@barriohanni\">Mastodon<\/a>, <a href=\"https:\/\/bsky.app\/profile\/barriohanni.bsky.social\">Bluesky<\/a>, <a href=\"https:\/\/matrix.to\/#\/#barriohanni_ticker:systemli.org\">Element(Matrix)<\/a><\/p>\n\n\n\n<p><strong>Linktree:<\/strong> <a href=\"https:\/\/linkstack.lgbt\/@barriohanni\">https:\/\/linkstack.lgbt\/@barriohanni<\/a><\/p>\n\n\n\n<h2 class=\"wp-block-heading\" id=\"news\">Recent blog activity<\/h2>\n\n\n<ul class=\"wp-block-latest-posts__list has-dates wp-block-latest-posts\"><li><a class=\"wp-block-latest-posts__post-title\" href=\"https:\/\/barriohanni.noblogs.org\/en-GB\/filmvorfuhrungen\/\">Movie screening<\/a><time datetime=\"2025-02-01T15:24:46+01:00\" class=\"wp-block-latest-posts__post-date\">01\/02\/2025<\/time><div class=\"wp-block-latest-posts__post-excerpt\">Every Monday at 18.00 we do a movie screening. It takes place at University of Saarland building E1.3, auditory 1. Come by!The next movies:3.2.25 Radical Resiliance https:\/\/radicalresilience.noblogs.org\/10.3.25 Hambacher Forst Hoch- und Tiefbau Teil 1 https:\/\/hambacherforst.org\/media\/filme\/#Hambacher_Forst_Hoch-_und_Tiefbau_Teil_1_2_3<\/div><\/li>\n<li><a class=\"wp-block-latest-posts__post-title\" href=\"https:\/\/barriohanni.noblogs.org\/en-GB\/thea-is-free\/\">Thea is Free<\/a><time datetime=\"2025-01-17T19:05:32+01:00\" class=\"wp-block-latest-posts__post-date\">17\/01\/2025<\/time><div class=\"wp-block-latest-posts__post-excerpt\">On the 25th September last year, now well over three months ago, Thea was arrested and escorted to prison following a banner drop down a street lantern on the university campus of Saarbr\u00fccken. The banner read &#8220;Diese Uni rodet W\u24b6ld&#8221; (this uni cuts forest), in opposition to the proposed clearcutting of the nearby forest of St. Johann (Hanni), which houses&hellip; <a class=\"more-link\" href=\"https:\/\/barriohanni.noblogs.org\/en-GB\/thea-is-free\/\">Continue reading <span class=\"screen-reader-text\">Thea is Free<\/span><\/a><\/div><\/li>\n<li><a class=\"wp-block-latest-posts__post-title\" href=\"https:\/\/barriohanni.noblogs.org\/en-GB\/free-thea\/\">Free Thea<\/a><time datetime=\"2024-09-26T17:43:59+02:00\" class=\"wp-block-latest-posts__post-date\">26\/09\/2024<\/time><div class=\"wp-block-latest-posts__post-excerpt\">Outdated: New adress https:\/\/barriohanni.noblogs.org\/en-GB\/neue-postadresse-von-thea\/ As you might already know from our ticker, Thea (they, them) was taken to remand. The police assumes to recognize them. The accusation is &#8220;t\u00e4tlicher Angriff auf Vollstreckungsbeamte und K\u00f6rperverletzung&#8221; (physical harm to a police officer and bodily harm) in context of L\u00fctzerath. Momentarily Thea is in the JVA Saarbr\u00fccken. They will soon be taken to&hellip; <a class=\"more-link\" href=\"https:\/\/barriohanni.noblogs.org\/en-GB\/free-thea\/\">Continue reading <span class=\"screen-reader-text\">Free Thea<\/span><\/a><\/div><\/li>\n<\/ul>\n\n\n<p><\/p>\n\n\n\n<div class=\"wp-block-media-text alignwide is-stacked-on-mobile\"><figure class=\"wp-block-media-text__media\"><img loading=\"lazy\" decoding=\"async\" width=\"1024\" height=\"683\" src=\"https:\/\/barriohanni.noblogs.org\/files\/2024\/09\/DSCF4685-scaled-1-1024x683.jpg\" alt=\"\" class=\"wp-image-1906 size-full\" srcset=\"https:\/\/barriohanni.noblogs.org\/files\/2024\/09\/DSCF4685-scaled-1-1024x683.jpg 1024w, https:\/\/barriohanni.noblogs.org\/files\/2024\/09\/DSCF4685-scaled-1-300x200.jpg 300w, https:\/\/barriohanni.noblogs.org\/files\/2024\/09\/DSCF4685-scaled-1-768x512.jpg 768w, https:\/\/barriohanni.noblogs.org\/files\/2024\/09\/DSCF4685-scaled-1-1536x1024.jpg 1536w, https:\/\/barriohanni.noblogs.org\/files\/2024\/09\/DSCF4685-scaled-1-1568x1046.jpg 1568w, https:\/\/barriohanni.noblogs.org\/files\/2024\/09\/DSCF4685-scaled-1.jpg 1921w\" sizes=\"auto, (max-width: 1024px) 100vw, 1024px\" \/><\/figure><div class=\"wp-block-media-text__content\">\n<h5 class=\"wp-block-heading\"><strong>We occupy the Hanni.<\/strong><\/h5>\n\n\n\n<p class=\"has-normal-font-size\">We build treehouses, share knowledge, food and material. Together we create an open space in the middle of a threatened forest.<\/p>\n<\/div><\/div>\n\n\n\n<p><br><\/p>\n\n\n\n<div class=\"wp-block-media-text alignwide has-media-on-the-right is-stacked-on-mobile nolink\" id=\"participate\"><div class=\"wp-block-media-text__content\">\n<h5 class=\"wp-block-heading nolink\"><strong>Join us!<\/strong><\/h5>\n\n\n\n<p>Everyone is welcome to live here and to participate, no matter in what form of action. <a href=\"https:\/\/barriohanni.noblogs.org\/en-GB\/participate\/\" data-type=\"URL\">Read how&#8230;<\/a><\/p>\n<\/div><figure class=\"wp-block-media-text__media\"><a href=\"https:\/\/barriohanni.noblogs.org\/en-GB\/participate\/\"><img loading=\"lazy\" decoding=\"async\" width=\"809\" height=\"523\" src=\"https:\/\/barriohanni.noblogs.org\/files\/2024\/09\/roote.png\" alt=\"\" class=\"wp-image-1867 size-full\" srcset=\"https:\/\/barriohanni.noblogs.org\/files\/2024\/09\/roote.png 809w, https:\/\/barriohanni.noblogs.org\/files\/2024\/09\/roote-300x194.png 300w, https:\/\/barriohanni.noblogs.org\/files\/2024\/09\/roote-768x496.png 768w\" sizes=\"auto, (max-width: 809px) 100vw, 809px\" \/><\/a><\/figure><\/div>\n\n\n\n<p><br><\/p>\n\n\n\n<div class=\"wp-block-media-text alignwide is-stacked-on-mobile\" id=\"support\"><figure class=\"wp-block-media-text__media\"><a href=\"https:\/\/barriohanni.noblogs.org\/en-GB\/donate\/\"><img decoding=\"async\" src=\"https:\/\/heibo.noblogs.org\/files\/2021\/08\/TMP-alexander-schimmeck-vKyp17kj31w-16x9-1-1024x576.jpg\" alt=\"\" class=\"wp-image-138 size-full\" \/><\/a><\/figure><div class=\"wp-block-media-text__content\">\n<h5 class=\"wp-block-heading\">Support us!<\/h5>\n\n\n\n<p>A forest squat is not cheap and impossible without support. We appreciate monetary and non-monentary donations in kind! <a href=\"https:\/\/barriohanni.noblogs.org\/en-GB\/donate\/\">Learn more&#8230;<\/a><\/p>\n<\/div><\/div>\n\n\n\n<p><br><\/p>\n\n\n\n<h2 class=\"wp-block-heading\" id=\"about\">About us<\/h2>\n\n\n\n<p>We are people of different ages who despise environmental destruction and <strong>finally want climate justice<\/strong>. We don&#8217;t shy away from civil disobedience. <\/p>\n\n\n\n<p>We think <strong>discriminatory statements are no opinions<\/strong>, they absolutely inacceptable. We don&#8217;t want to name specific discriminations, as we don&#8217;t want to hierarchy them. We know, that we also sometimes behave discriminating and try to reflect and change that.<\/p>\n\n\n\n<p><strong>Individuals do not act and speak for the forest squat.<\/strong> All people here can decide independently for themselves what they do or don&#8217;t do. They are &#8220;autonomous&#8221;, <a href=\"https:\/\/barriohanni.noblogs.org\/en-GB\/participate\/consensus\/\">continue reading&#8230;<\/a><\/p>\n\n\n\n<p><\/p>\n\n\n\n<!-- ich glaub ja kaum, dass die nazis vom BfV oder der Polizei englisch k\u00f6nnen. Ich bin gespannt! -->\n\n\n\n<p><br><\/p>\n","protected":false},"excerpt":{"rendered":"<p>Ticker barriohanni.infoticker.orgis forwarded to:Telegram, Signal, Mastodon, Bluesky, Element(Matrix) Linktree: https:\/\/linkstack.lgbt\/@barriohanni Recent blog activity We occupy the Hanni. We build treehouses, share knowledge, food and material. Together we create an open space in the middle of a threatened forest. Join us! Everyone is welcome to live here and to participate, no matter in what form of&hellip; <a class=\"more-link\" href=\"https:\/\/barriohanni.noblogs.org\/\">Continue reading <span class=\"screen-reader-text\">Thats now our forest<\/span><\/a><\/p>\n","protected":false},"author":20117,"featured_media":0,"parent":0,"menu_order":-1,"comment_status":"closed","ping_status":"closed","template":"","meta":{"_locale":"en_GB","_original_post":"https:\/\/heibo.noblogs.org\/?page_id=4","footnotes":""},"class_list":["post-557","page","type-page","status-publish","hentry","en-GB","entry"],"_links":{"self":[{"href":"https:\/\/barriohanni.noblogs.org\/wp-json\/wp\/v2\/pages\/557","targetHints":{"allow":["GET"]}}],"collection":[{"href":"https:\/\/barriohanni.noblogs.org\/wp-json\/wp\/v2\/pages"}],"about":[{"href":"https:\/\/barriohanni.noblogs.org\/wp-json\/wp\/v2\/types\/page"}],"author":[{"embeddable":true,"href":"https:\/\/barriohanni.noblogs.org\/wp-json\/wp\/v2\/users\/20117"}],"replies":[{"embeddable":true,"href":"https:\/\/barriohanni.noblogs.org\/wp-json\/wp\/v2\/comments?post=557"}],"version-history":[{"count":13,"href":"https:\/\/barriohanni.noblogs.org\/wp-json\/wp\/v2\/pages\/557\/revisions"}],"predecessor-version":[{"id":2180,"href":"https:\/\/barriohanni.noblogs.org\/wp-json\/wp\/v2\/pages\/557\/revisions\/2180"}],"wp:attachment":[{"href":"https:\/\/barriohanni.noblogs.org\/wp-json\/wp\/v2\/media?parent=557"}],"curies":[{"name":"wp","href":"https:\/\/api.w.org\/{rel}","templated":true}]}}